{"id":7655,"date":"2019-03-14T13:55:44","date_gmt":"2019-03-14T13:55:44","guid":{"rendered":"http:\/\/wordpress.e-learningsolutions.de\/?page_id=7655"},"modified":"2019-12-03T13:07:20","modified_gmt":"2019-12-03T12:07:20","slug":"bildungsportal-bayern","status":"publish","type":"page","link":"https:\/\/www.dr-b.eu\/index.php\/bildungsportal-bayern\/","title":{"rendered":"Bildungsportal Bayern"},"content":{"rendered":"<p>[vc_row no_margin=&#8220;true&#8220; section_content=&#8220;outside_container&#8220; equal_height=&#8220;true&#8220; bg_type=&#8220;&#8220; dima_canvas_style=&#8220;&#8220; translate_x=&#8220;0&#8243; dima_z_index=&#8220;0&#8243; delay=&#8220;&#8220; animate_item=&#8220;&#8220; delay_duration=&#8220;&#8220; delay_offset=&#8220;&#8220; border_color=&#8220;&#8220; id=&#8220;&#8220; class=&#8220;&#8220; css=&#8220;.vc_custom_1515792777539{padding-top: 0px !important;padding-bottom: 0px !important;}&#8220;][vc_column bg_type=&#8220;bg_image&#8220; dima_canvas_style=&#8220;&#8220; min_height=&#8220;&#8220; translate_x=&#8220;0&#8243; dima_z_index=&#8220;0&#8243; sd=&#8220;12&#8243; delay=&#8220;&#8220; delay_duration=&#8220;&#8220; delay_offset=&#8220;&#8220; width=&#8220;1\/2&#8243; id=&#8220;&#8220; class=&#8220;&#8220; style=&#8220;&#8220; border_color=&#8220;#e1e1e1&#8243; di_bg_image=&#8220;7307&#8243;]<div  class=\"dima-spacer-module\"  data-units=\"px\" data-all_size=\"0\" data-xld_resolution=\"1600\" data-xld_size=\"0\" data-ld_resolution=\"1400\" data-ld_size=\"0\" data-md_resolution=\"1170\" data-md_size=\"120\" data-sd_resolution=\"969\" data-sd_size=\"500\" data-xsd_resolution=\"480\" data-xsd_size=\"500\" style=\"height: 0px;\"><\/div>[\/vc_column][vc_column bg_type=&#8220;&#8220; dima_canvas_style=&#8220;&#8220; min_height=&#8220;&#8220; translate_x=&#8220;0&#8243; dima_z_index=&#8220;0&#8243; sd=&#8220;12&#8243; border_style=&#8220;solid&#8220; delay=&#8220;&#8220; delay_duration=&#8220;&#8220; delay_offset=&#8220;&#8220; width=&#8220;1\/2&#8243; css=&#8220;.vc_custom_1521652943849{border-bottom-width: 1px !important;border-left-width: 1px !important;padding-top: 5% !important;padding-right: 5% !important;padding-bottom: 5% !important;padding-left: 5% !important;}&#8220; id=&#8220;&#8220; class=&#8220;&#8220; style=&#8220;&#8220; border_color=&#8220;#eeeeee&#8220;][vc_custom_heading text=&#8220;Bildungsportal Bayern&#8220; font_container=&#8220;tag:h3|text_align:left|color:%23eb5c1d&#8220; google_fonts=&#8220;font_family:Marvel%3Aregular%2Citalic%2C700%2C700italic|font_style:400%20regular%3A400%3Anormal&#8220; css_animation=&#8220;fadeIn&#8220;]\n\t<div class=\"wpb_content_element \" data-animate=transition.slideRightBigIn data-delay=300 data-duration=500>\n\t\t<div class=\"wpb_wrapper\">\n\t\t\t<p>Statt stundenlanger Suche findet hier jeder mit ein paar Klicks zum passenden Kurs: Das Bildungsportal b\u00fcndelt die Angebote nach Thema, Region und Aktualit\u00e4t. Ein echter Mehrwert und dazu noch kostenlos f\u00fcr Nutzer und Anbieter.<\/p>\n\n\t\t<\/div> \n\t<\/div> <div  class=\"noor-line dima-divider  noor-center\"  ><\/div>\n\t<div class=\"wpb_content_element \" data-animate=transition.slideRightBigIn data-delay=300 data-duration=500>\n\t\t<div class=\"wpb_wrapper\">\n\t\t\t<p>Das <a href=\"https:\/\/www.bildungsportal-bayern.info\" target=\"_blank\" rel=\"noopener noreferrer\">Bildungsportal Bayern<\/a> finanziert sich \u00fcber die Landkreise und St\u00e4dte, die einerseits ihren B\u00fcrgerinnen und B\u00fcrgern ein regionales Bildungsangebot zur Verf\u00fcgung stellen und andererseits Weiterbildungsanbieter sowie Institutionen mit Bildungsauftrag in ihrer Region unterst\u00fctzen wollen.<\/p>\n\n\t\t<\/div> \n\t<\/div> <div  class=\"noor-line dima-divider  noor-center\"  ><\/div>\n\t<div class=\"wpb_content_element \" data-animate=transition.slideRightBigIn data-delay=300 data-duration=500>\n\t\t<div class=\"wpb_wrapper\">\n\t\t\t<p>Regionale Bildungsangebote gibt es beispielsweise schon f\u00fcr die Regionen Aschaffenburg, Bad Kissingen, Rosenheim und Passau, oder auch im gemeinschaftlichen Zusammenschluss des Landkreises Augsburg und seiner Kreisstadt zusammen mit dem Landkreis Aichach-Friedberg. Oder die Region Oberland mit den Landkreisen Weilheim-Schongau und Bad T\u00f6lz-Wolfratshausen.<\/p>\n\n\t\t<\/div> \n\t<\/div> [\/vc_column][\/vc_row][vc_row no_margin=&#8220;true&#8220; section_content=&#8220;outside_container&#8220; equal_height=&#8220;true&#8220; bg_type=&#8220;&#8220; dima_canvas_style=&#8220;&#8220; translate_x=&#8220;0&#8243; dima_z_index=&#8220;0&#8243; delay=&#8220;&#8220; animate_item=&#8220;&#8220; delay_duration=&#8220;&#8220; delay_offset=&#8220;&#8220; border_color=&#8220;&#8220; id=&#8220;&#8220; class=&#8220;&#8220; css=&#8220;.vc_custom_1515792777539{padding-top: 0px !important;padding-bottom: 0px !important;}&#8220;][vc_column bg_type=&#8220;&#8220; dima_canvas_style=&#8220;&#8220; min_height=&#8220;&#8220; cover=&#8220;true&#8220; cover_color=&#8220;#ffffff&#8220; translate_x=&#8220;0&#8243; dima_z_index=&#8220;0&#8243; sd=&#8220;12&#8243; delay=&#8220;&#8220; delay_duration=&#8220;&#8220; delay_offset=&#8220;&#8220; width=&#8220;1\/2&#8243; id=&#8220;&#8220; class=&#8220;&#8220; style=&#8220;&#8220; border_color=&#8220;#e1e1e1&#8243; css=&#8220;.vc_custom_1549457022019{padding-top: 5% !important;padding-right: 5% !important;padding-bottom: 5% !important;padding-left: 5% !important;}&#8220;]\n\t<div class=\"wpb_content_element \" data-animate=transition.slideRightBigIn data-delay=300 data-duration=500>\n\t\t<div class=\"wpb_wrapper\">\n\t\t\t<p>Die Vorteile auf regionaler Ebene zu agieren sind vielf\u00e4ltig! Regionale Projekte wie Bildungsb\u00fcros, Beratungsangebote f\u00fcr Existenzgr\u00fcnder, Integrationskurse und \u00e4hnliches k\u00f6nnen regional ver\u00f6ffentlicht werden. Gleiches gilt f\u00fcr regionale Termine seitens der Agentur f\u00fcr Arbeit, der Aktivsenioren oder anderer Institutionen.<\/p>\n\n\t\t<\/div> \n\t<\/div> <div  class=\"noor-line dima-divider  noor-center\"  ><\/div>\n\t<div class=\"wpb_content_element \" data-animate=transition.slideRightBigIn data-delay=300 data-duration=500>\n\t\t<div class=\"wpb_wrapper\">\n\t\t\t<p>Haben Sie ebenfalls Interesse, f\u00fcr Ihre Region Weiterbildungs- und Beratungsangebote zu unterst\u00fctzen, so wenden Sie Sich gerne an uns \u00fcber unser <a href=\"\/index.php\/kontakt\/\">Kontaktformular<\/a>. Gerne geben wir Ihnen weitere Informationen und beantworten Ihre Fragen.<\/p>\n\n\t\t<\/div> \n\t<\/div> [\/vc_column][vc_column bg_type=&#8220;bg_image&#8220; dima_canvas_style=&#8220;&#8220; min_height=&#8220;&#8220; translate_x=&#8220;0&#8243; dima_z_index=&#8220;0&#8243; sd=&#8220;12&#8243; delay=&#8220;&#8220; delay_duration=&#8220;&#8220; delay_offset=&#8220;&#8220; width=&#8220;1\/2&#8243; id=&#8220;&#8220; class=&#8220;&#8220; style=&#8220;&#8220; border_color=&#8220;#eeeeee&#8220; di_bg_image=&#8220;7052&#8243;]<div  class=\"dima-spacer-module\"  data-units=\"px\" data-all_size=\"0\" data-xld_resolution=\"1600\" data-xld_size=\"0\" data-ld_resolution=\"1400\" data-ld_size=\"0\" data-md_resolution=\"1170\" data-md_size=\"120\" data-sd_resolution=\"969\" data-sd_size=\"500\" data-xsd_resolution=\"480\" data-xsd_size=\"500\" style=\"height: 0px;\"><\/div>[\/vc_column][\/vc_row][vc_row bg_type=&#8220;&#8220; dima_canvas_style=&#8220;&#8220; translate_x=&#8220;0&#8243; dima_z_index=&#8220;0&#8243; delay=&#8220;&#8220; animate_item=&#8220;&#8220; delay_duration=&#8220;&#8220; delay_offset=&#8220;&#8220; disable_element=&#8220;yes&#8220; id=&#8220;&#8220; class=&#8220;&#8220; border_color=&#8220;&#8220;][vc_column bg_type=&#8220;&#8220; dima_canvas_style=&#8220;&#8220; min_height=&#8220;&#8220; translate_x=&#8220;0&#8243; dima_z_index=&#8220;0&#8243; delay=&#8220;&#8220; delay_duration=&#8220;&#8220; delay_offset=&#8220;&#8220; width=&#8220;1\/1&#8243;]<div class=\"wpforms-container wpforms-container-full\" id=\"wpforms-6789\"><form id=\"wpforms-form-6789\" class=\"wpforms-validate wpforms-form wpforms-ajax-form\" data-formid=\"6789\" method=\"post\" enctype=\"multipart\/form-data\" action=\"\/index.php\/wp-json\/wp\/v2\/pages\/7655\" data-token=\"d2459b1635d454fbfc3bc7fb65e361b3\" data-token-time=\"1777519749\"><noscript class=\"wpforms-error-noscript\">Bitte aktiviere JavaScript in deinem Browser, um dieses Formular fertigzustellen.<\/noscript><div class=\"wpforms-field-container\"><div id=\"wpforms-6789-field_0-container\" class=\"wpforms-field wpforms-field-name\" data-field-id=\"0\"><input type=\"text\" id=\"wpforms-6789-field_0\" class=\"wpforms-field-large wpforms-field-required\" name=\"wpforms[fields][0]\" value=\"Name\" placeholder=\"Name\" required><\/div><div id=\"wpforms-6789-field_1-container\" class=\"wpforms-field wpforms-field-email\" data-field-id=\"1\"><input type=\"email\" id=\"wpforms-6789-field_1\" class=\"wpforms-field-large wpforms-field-required\" name=\"wpforms[fields][1]\" placeholder=\"E-Mail\" spellcheck=\"false\" required><\/div><div id=\"wpforms-6789-field_2-container\" class=\"wpforms-field wpforms-field-textarea\" data-field-id=\"2\"><label class=\"wpforms-field-label wpforms-label-hide\" for=\"wpforms-6789-field_2\">Nachricht <span class=\"wpforms-required-label\">*<\/span><\/label><textarea id=\"wpforms-6789-field_2\" class=\"wpforms-field-medium wpforms-field-required\" name=\"wpforms[fields][2]\" placeholder=\"Ihre Nachricht an uns!\" required><\/textarea><\/div><\/div><!-- .wpforms-field-container --><div class=\"wpforms-field wpforms-field-hp\"><label for=\"wpforms-6789-field-hp\" class=\"wpforms-field-label\">Email<\/label><input type=\"text\" name=\"wpforms[hp]\" id=\"wpforms-6789-field-hp\" class=\"wpforms-field-medium\"><\/div><div class=\"wpforms-submit-container\" ><input type=\"hidden\" name=\"wpforms[id]\" value=\"6789\"><input type=\"hidden\" name=\"page_title\" value=\"\"><input type=\"hidden\" name=\"page_url\" value=\"https:\/\/www.dr-b.eu\/index.php\/wp-json\/wp\/v2\/pages\/7655\"><input type=\"hidden\" name=\"url_referer\" value=\"\"><button type=\"submit\" name=\"wpforms[submit]\" id=\"wpforms-submit-6789\" class=\"wpforms-submit\" data-alt-text=\"Wird versendet...\" data-submit-text=\"ABSCHICKEN\" aria-live=\"assertive\" value=\"wpforms-submit\">ABSCHICKEN<\/button><img loading=\"lazy\" decoding=\"async\" src=\"https:\/\/www.dr-b.eu\/wp-content\/plugins\/wpforms-lite\/assets\/images\/submit-spin.svg\" class=\"wpforms-submit-spinner\" style=\"display: none;\" width=\"26\" height=\"26\" alt=\"Wird geladen\"><\/div><\/form><\/div>  <!-- .wpforms-container -->[\/vc_column][\/vc_row]<\/p>\n","protected":false},"excerpt":{"rendered":"<p>[vc_row no_margin=&#8220;true&#8220; section_content=&#8220;outside_container&#8220; equal_height=&#8220;true&#8220; bg_type=&#8220;&#8220; dima_canvas_style=&#8220;&#8220; translate_x=&#8220;0&#8243; dima_z_index=&#8220;0&#8243; delay=&#8220;&#8220; animate_item=&#8220;&#8220; delay_duration=&#8220;&#8220; delay_offset=&#8220;&#8220; border_color=&#8220;&#8220; id=&#8220;&#8220; class=&#8220;&#8220; css=&#8220;.vc_custom_1515792777539{padding-top: 0px !important;padding-bottom: 0px !important;}&#8220;][vc_column bg_type=&#8220;bg_image&#8220; dima_canvas_style=&#8220;&#8220; min_height=&#8220;&#8220; translate_x=&#8220;0&#8243; dima_z_index=&#8220;0&#8243; sd=&#8220;12&#8243; delay=&#8220;&#8220; delay_duration=&#8220;&#8220; delay_offset=&#8220;&#8220; width=&#8220;1\/2&#8243; id=&#8220;&#8220; class=&#8220;&#8220; style=&#8220;&#8220; border_color=&#8220;#e1e1e1&#8243; di_bg_image=&#8220;7307&#8243;][\/vc_column][vc_column bg_type=&#8220;&#8220; dima_canvas_style=&#8220;&#8220; min_height=&#8220;&#8220; translate_x=&#8220;0&#8243; dima_z_index=&#8220;0&#8243; sd=&#8220;12&#8243; border_style=&#8220;solid&#8220; delay=&#8220;&#8220; delay_duration=&#8220;&#8220; delay_offset=&#8220;&#8220; width=&#8220;1\/2&#8243; css=&#8220;.vc_custom_1521652943849{border-bottom-width: 1px !important;border-left-width: 1px !important;padding-top: 5% !important;padding-right: 5% !important;padding-bottom: [&hellip;]<\/p>\n","protected":false},"author":23,"featured_media":0,"parent":0,"menu_order":0,"comment_status":"closed","ping_status":"closed","template":"","meta":{"footnotes":""},"class_list":["post-7655","page","type-page","status-publish","hentry"],"_links":{"self":[{"href":"https:\/\/www.dr-b.eu\/index.php\/wp-json\/wp\/v2\/pages\/7655","targetHints":{"allow":["GET"]}}],"collection":[{"href":"https:\/\/www.dr-b.eu\/index.php\/wp-json\/wp\/v2\/pages"}],"about":[{"href":"https:\/\/www.dr-b.eu\/index.php\/wp-json\/wp\/v2\/types\/page"}],"author":[{"embeddable":true,"href":"https:\/\/www.dr-b.eu\/index.php\/wp-json\/wp\/v2\/users\/23"}],"replies":[{"embeddable":true,"href":"https:\/\/www.dr-b.eu\/index.php\/wp-json\/wp\/v2\/comments?post=7655"}],"version-history":[{"count":0,"href":"https:\/\/www.dr-b.eu\/index.php\/wp-json\/wp\/v2\/pages\/7655\/revisions"}],"wp:attachment":[{"href":"https:\/\/www.dr-b.eu\/index.php\/wp-json\/wp\/v2\/media?parent=7655"}],"curies":[{"name":"wp","href":"https:\/\/api.w.org\/{rel}","templated":true}]}}