{"id":7587,"date":"2019-03-14T07:06:04","date_gmt":"2019-03-14T07:06:04","guid":{"rendered":"http:\/\/wordpress.e-learningsolutions.de\/?page_id=7587"},"modified":"2019-12-03T13:22:22","modified_gmt":"2019-12-03T12:22:22","slug":"pmguide","status":"publish","type":"page","link":"https:\/\/www.dr-b.eu\/index.php\/pmguide\/","title":{"rendered":"SIEMENS PM Guide"},"content":{"rendered":"<p>[vc_row no_margin=&#8220;true&#8220; section_content=&#8220;outside_container&#8220; equal_height=&#8220;true&#8220; bg_type=&#8220;&#8220; dima_canvas_style=&#8220;&#8220; translate_x=&#8220;0&#8243; dima_z_index=&#8220;0&#8243; delay=&#8220;&#8220; animate_item=&#8220;&#8220; delay_duration=&#8220;&#8220; delay_offset=&#8220;&#8220; border_color=&#8220;&#8220; id=&#8220;&#8220; class=&#8220;&#8220; css=&#8220;.vc_custom_1515792777539{padding-top: 0px !important;padding-bottom: 0px !important;}&#8220;][vc_column bg_type=&#8220;bg_image&#8220; dima_canvas_style=&#8220;&#8220; min_height=&#8220;&#8220; translate_x=&#8220;0&#8243; dima_z_index=&#8220;0&#8243; sd=&#8220;12&#8243; delay=&#8220;&#8220; delay_duration=&#8220;&#8220; delay_offset=&#8220;&#8220; width=&#8220;1\/2&#8243; id=&#8220;&#8220; class=&#8220;&#8220; style=&#8220;&#8220; border_color=&#8220;#e1e1e1&#8243; di_bg_image=&#8220;6388&#8243;]<div  class=\"dima-spacer-module\"  data-units=\"px\" data-all_size=\"0\" data-xld_resolution=\"1600\" data-xld_size=\"0\" data-ld_resolution=\"1400\" data-ld_size=\"0\" data-md_resolution=\"1170\" data-md_size=\"120\" data-sd_resolution=\"969\" data-sd_size=\"500\" data-xsd_resolution=\"480\" data-xsd_size=\"500\" style=\"height: 0px;\"><\/div>[\/vc_column][vc_column bg_type=&#8220;&#8220; dima_canvas_style=&#8220;&#8220; min_height=&#8220;&#8220; translate_x=&#8220;0&#8243; dima_z_index=&#8220;0&#8243; sd=&#8220;12&#8243; delay=&#8220;&#8220; delay_duration=&#8220;&#8220; delay_offset=&#8220;&#8220; width=&#8220;1\/2&#8243; css=&#8220;.vc_custom_1552548014540{padding-top: 5% !important;padding-right: 5% !important;padding-bottom: 5% !important;padding-left: 5% !important;}&#8220; id=&#8220;&#8220; class=&#8220;&#8220; style=&#8220;&#8220; border_color=&#8220;#eeeeee&#8220;][vc_custom_heading text=&#8220;Das SIEMENS Projektmanagement Handbuch&#8220; font_container=&#8220;tag:h3|text_align:left|color:%23eb5c1d&#8220; google_fonts=&#8220;font_family:Marvel%3Aregular%2Citalic%2C700%2C700italic|font_style:400%20regular%3A400%3Anormal&#8220; css_animation=&#8220;fadeIn&#8220;]\n\t<div class=\"wpb_content_element \" data-animate=transition.slideRightBigIn data-delay=300 data-duration=500>\n\t\t<div class=\"wpb_wrapper\">\n\t\t\t<p>Wir entwickeln und betreiben Learning-Content-Management-Systeme, <a href=\"https:\/\/www.e-learningsolutions.de\/drbportal\/login\" target=\"_blank\" rel=\"noopener noreferrer\">Lernportale<\/a>, Webapplikationen und Apps. Im Rahmen unseres Application Service Providing (<strong>ASP<\/strong>) und unserer Software as a Service (<strong>SaaS<\/strong>) Dienstleistungen bieten wir zudem Customer Service (<strong>CS<\/strong>) und <a href=\"\/index.php\/itdienstleistungen\/\"><strong>IT-Support<\/strong> Leistungen<\/a> an.<\/p>\n<blockquote><p>\n<strong>Best practice: Das SIEMENS Projektmanagement Handbuch<\/strong>\n<\/p><\/blockquote>\n<p>Der PM@Siemens Guide ist seit mehr als 15 Jahren der Projekt Management Standard f\u00fcr das globale Projektgesch\u00e4ft von Siemens. Bei der umfassenden \u00dcberarbeitung wurden die inhaltlichen Verbesserungen mit technischen Neuerungen kombiniert. So wird der PM@Siemens Guide jetzt via Cloud als Applikation angeboten.<\/p>\n\n\t\t<\/div> \n\t<\/div> <div  class=\"noor-line dima-divider  noor-center\"  ><\/div>[vc_custom_heading text=&#8220;PM@Siemens Guide digitalisiert&#8220; font_container=&#8220;tag:h4|text_align:left|color:%23eb5c1d&#8220; google_fonts=&#8220;font_family:Marvel%3Aregular%2Citalic%2C700%2C700italic|font_style:400%20regular%3A400%3Anormal&#8220; css_animation=&#8220;fadeIn&#8220;]\n\t<div class=\"wpb_content_element \" data-animate=transition.slideRightBigIn data-delay=300 data-duration=500>\n\t\t<div class=\"wpb_wrapper\">\n\t\t\t<p>Die Applikation wurde von DR-B gemeinsam mit <a href=\"https:\/\/new.siemens.com\/de\/de.html\" target=\"_blank\" rel=\"noopener noreferrer\">Siemens<\/a> konzeptioniert und realisiert. Die Datenbank gest\u00fctzte Web-Applikation wird jetzt als <strong>Software as a Service<\/strong> aus einer Cloud zur Verf\u00fcgung gestellt. Durch die technische Weiterentwicklung wurde der Zugang zu dem Projektmanagement Standard erleichtert und trug zur Erh\u00f6hung der Akzeptanz bei. Zudem haben die Projektleiter mit der neuen L\u00f6sung die M\u00f6glichkeit, den Konzernstandard gesch\u00e4ftsspezifisch zu detaillieren, was das Arbeiten durch diese ma\u00dfgeschneiderte L\u00f6sung erleichtert und Kosten spart.<\/p>\n<p>Wie das geht? Seit M\u00e4rz 2016 steht die neue <strong>PM@Siemens Guide Applikation<\/strong> allen Siemens Mitarbeitern weltweit zur Verf\u00fcgung. Unser Entwicklerteam arbeitet in enger Zusammenarbeit mit Siemens kontinuierlich daran, weitere effizienzsteigernde Funktionalit\u00e4ten zu realisieren wie z. B. die Single-Sign-On-Anbindung und das Redaktionssystem f\u00fcr die operativen Einheiten. Mittlerweile wird die PM@Siemens Guide Application bereits von mehr als 16.000 Usern aus nahezu allen Bereichen und Regionen angewandt.<\/p>\n\n\t\t<\/div> \n\t<\/div> [\/vc_column][\/vc_row][vc_row no_margin=&#8220;true&#8220; section_content=&#8220;outside_container&#8220; equal_height=&#8220;true&#8220; bg_type=&#8220;&#8220; dima_canvas_style=&#8220;&#8220; translate_x=&#8220;0&#8243; dima_z_index=&#8220;0&#8243; delay=&#8220;&#8220; animate_item=&#8220;&#8220; delay_duration=&#8220;&#8220; delay_offset=&#8220;&#8220; border_color=&#8220;&#8220; id=&#8220;&#8220; class=&#8220;&#8220; css=&#8220;.vc_custom_1515792777539{padding-top: 0px !important;padding-bottom: 0px !important;}&#8220;][vc_column bg_type=&#8220;bg_image&#8220; dima_canvas_style=&#8220;&#8220; min_height=&#8220;&#8220; translate_x=&#8220;0&#8243; dima_z_index=&#8220;0&#8243; sd=&#8220;12&#8243; delay=&#8220;&#8220; delay_duration=&#8220;&#8220; delay_offset=&#8220;&#8220; width=&#8220;1\/2&#8243; id=&#8220;&#8220; class=&#8220;&#8220; style=&#8220;&#8220; border_color=&#8220;#e1e1e1&#8243; css=&#8220;.vc_custom_1552548024540{padding-top: 5% !important;padding-right: 5% !important;padding-bottom: 5% !important;padding-left: 5% !important;}&#8220;][vc_custom_heading text=&#8220;Die wichtigsten Eckdaten der Applikation im \u00dcberblick:&#8220; font_container=&#8220;tag:h4|text_align:left|color:%23eb5c1d&#8220; google_fonts=&#8220;font_family:Marvel%3Aregular%2Citalic%2C700%2C700italic|font_style:400%20regular%3A400%3Anormal&#8220; css_animation=&#8220;fadeIn&#8220;]\n\t<div class=\"wpb_content_element \" data-animate=transition.slideRightBigIn data-delay=300 data-duration=500>\n\t\t<div class=\"wpb_wrapper\">\n\t\t\t<ul>\n<li>Web-Applikation f\u00fcr alle Siemens Mitarbeiter erreichbar aus Internet und Siemens Intranet<\/li>\n<li>Offlinef\u00e4higkeit<\/li>\n<li>Nutzung \u00fcber Laptop, Tablet oder Phablet problemlos m\u00f6glich<\/li>\n<li>Redaktionssystem f\u00fcr gesch\u00e4ftsspezifische Anforderungen<\/li>\n<li>Single-Sign-On-Anbindung<\/li>\n<li>Mehrsprachigkeit<\/li>\n<\/ul>\n\n\t\t<\/div> \n\t<\/div> <div  class=\"noor-line dima-divider  noor-center\"  ><\/div>\n\t<div class=\"wpb_content_element \" data-animate=transition.slideRightBigIn data-delay=300 data-duration=500>\n\t\t<div class=\"wpb_wrapper\">\n\t\t\t<blockquote><p>\n<strong>Florian Josten, Siemens, IT Demand- und Projektmanager:<\/strong> Viele R\u00fcckmeldungen zeigen, dass unsere Projektleiter sich insbesondere \u00fcber die intuitive Oberfl\u00e4che sowie die Filterfunktionen freuen, die es ihnen erlaubt, sich nur solche Inhalte anzeigen zu lassen, die f\u00fcr das individuelle Gesch\u00e4ftsumfeld relevant sind. Zus\u00e4tzlich k\u00f6nnen sie Lesezeichen erstellen, Kapitel ausdrucken oder Definitionen ansehen.\n<\/p><\/blockquote>\n\n\t\t<\/div> \n\t<\/div> \n\t<div class=\"wpb_content_element \" data-animate=transition.slideRightBigIn data-delay=300 data-duration=500>\n\t\t<div class=\"wpb_wrapper\">\n\t\t\t<blockquote><p>\n<strong>Eric Michael Klein, <\/strong><strong>Project Business Core Team:<\/strong> \u201eMit der inhaltlichen \u00dcberarbeitung und Digitalisierung des PM@Siemens Guide ist es uns durch hervorragende Zusammenarbeit mit der DR-B gelungen, einen wichtigen Beitrag zur Vereinfachung und Effizienz und damit f\u00fcr Project Business Excellence zu leisten. So macht Digitalisierung Spa\u00df!\n<\/p><\/blockquote>\n\n\t\t<\/div> \n\t<\/div> [\/vc_column][vc_column bg_type=&#8220;bg_image&#8220; dima_canvas_style=&#8220;&#8220; min_height=&#8220;&#8220; translate_x=&#8220;0&#8243; dima_z_index=&#8220;0&#8243; sd=&#8220;12&#8243; delay=&#8220;&#8220; delay_duration=&#8220;&#8220; delay_offset=&#8220;&#8220; width=&#8220;1\/2&#8243; id=&#8220;&#8220; class=&#8220;&#8220; style=&#8220;&#8220; border_color=&#8220;#eeeeee&#8220; di_bg_image=&#8220;7304&#8243;]<div  class=\"dima-spacer-module\"  data-units=\"px\" data-all_size=\"0\" data-xld_resolution=\"1600\" data-xld_size=\"0\" data-ld_resolution=\"1400\" data-ld_size=\"0\" data-md_resolution=\"1170\" data-md_size=\"120\" data-sd_resolution=\"969\" data-sd_size=\"500\" data-xsd_resolution=\"480\" data-xsd_size=\"500\" style=\"height: 0px;\"><\/div>[\/vc_column][\/vc_row][vc_row bg_type=&#8220;&#8220; dima_canvas_style=&#8220;&#8220; translate_x=&#8220;0&#8243; dima_z_index=&#8220;0&#8243; delay=&#8220;&#8220; animate_item=&#8220;&#8220; delay_duration=&#8220;&#8220; delay_offset=&#8220;&#8220; disable_element=&#8220;yes&#8220; id=&#8220;&#8220; class=&#8220;&#8220; border_color=&#8220;&#8220;][vc_column bg_type=&#8220;&#8220; dima_canvas_style=&#8220;&#8220; min_height=&#8220;&#8220; translate_x=&#8220;0&#8243; dima_z_index=&#8220;0&#8243; delay=&#8220;&#8220; delay_duration=&#8220;&#8220; delay_offset=&#8220;&#8220; width=&#8220;1\/1&#8243;]<div class=\"wpforms-container wpforms-container-full\" id=\"wpforms-6789\"><form id=\"wpforms-form-6789\" class=\"wpforms-validate wpforms-form wpforms-ajax-form\" data-formid=\"6789\" method=\"post\" enctype=\"multipart\/form-data\" action=\"\/index.php\/wp-json\/wp\/v2\/pages\/7587\" data-token=\"49be081bfab35755a7ba1cf7f824fa3a\" data-token-time=\"1776402532\"><noscript class=\"wpforms-error-noscript\">Bitte aktiviere JavaScript in deinem Browser, um dieses Formular fertigzustellen.<\/noscript><div class=\"wpforms-field-container\"><div id=\"wpforms-6789-field_0-container\" class=\"wpforms-field wpforms-field-name\" data-field-id=\"0\"><input type=\"text\" id=\"wpforms-6789-field_0\" class=\"wpforms-field-large wpforms-field-required\" name=\"wpforms[fields][0]\" value=\"Name\" placeholder=\"Name\" required><\/div><div id=\"wpforms-6789-field_1-container\" class=\"wpforms-field wpforms-field-email\" data-field-id=\"1\"><input type=\"email\" id=\"wpforms-6789-field_1\" class=\"wpforms-field-large wpforms-field-required\" name=\"wpforms[fields][1]\" placeholder=\"E-Mail\" spellcheck=\"false\" required><\/div><div id=\"wpforms-6789-field_2-container\" class=\"wpforms-field wpforms-field-textarea\" data-field-id=\"2\"><label class=\"wpforms-field-label wpforms-label-hide\" for=\"wpforms-6789-field_2\">Nachricht <span class=\"wpforms-required-label\">*<\/span><\/label><textarea id=\"wpforms-6789-field_2\" class=\"wpforms-field-medium wpforms-field-required\" name=\"wpforms[fields][2]\" placeholder=\"Ihre Nachricht an uns!\" required><\/textarea><\/div><\/div><!-- .wpforms-field-container --><div class=\"wpforms-field wpforms-field-hp\"><label for=\"wpforms-6789-field-hp\" class=\"wpforms-field-label\">Message<\/label><input type=\"text\" name=\"wpforms[hp]\" id=\"wpforms-6789-field-hp\" class=\"wpforms-field-medium\"><\/div><div class=\"wpforms-submit-container\" ><input type=\"hidden\" name=\"wpforms[id]\" value=\"6789\"><input type=\"hidden\" name=\"page_title\" value=\"\"><input type=\"hidden\" name=\"page_url\" value=\"https:\/\/www.dr-b.eu\/index.php\/wp-json\/wp\/v2\/pages\/7587\"><input type=\"hidden\" name=\"url_referer\" value=\"\"><button type=\"submit\" name=\"wpforms[submit]\" id=\"wpforms-submit-6789\" class=\"wpforms-submit\" data-alt-text=\"Wird versendet...\" data-submit-text=\"ABSCHICKEN\" aria-live=\"assertive\" value=\"wpforms-submit\">ABSCHICKEN<\/button><img loading=\"lazy\" decoding=\"async\" src=\"https:\/\/www.dr-b.eu\/wp-content\/plugins\/wpforms-lite\/assets\/images\/submit-spin.svg\" class=\"wpforms-submit-spinner\" style=\"display: none;\" width=\"26\" height=\"26\" alt=\"Wird geladen\"><\/div><\/form><\/div>  <!-- .wpforms-container -->[\/vc_column][\/vc_row]<\/p>\n","protected":false},"excerpt":{"rendered":"<p>[vc_row no_margin=&#8220;true&#8220; section_content=&#8220;outside_container&#8220; equal_height=&#8220;true&#8220; bg_type=&#8220;&#8220; dima_canvas_style=&#8220;&#8220; translate_x=&#8220;0&#8243; dima_z_index=&#8220;0&#8243; delay=&#8220;&#8220; animate_item=&#8220;&#8220; delay_duration=&#8220;&#8220; delay_offset=&#8220;&#8220; border_color=&#8220;&#8220; id=&#8220;&#8220; class=&#8220;&#8220; css=&#8220;.vc_custom_1515792777539{padding-top: 0px !important;padding-bottom: 0px !important;}&#8220;][vc_column bg_type=&#8220;bg_image&#8220; dima_canvas_style=&#8220;&#8220; min_height=&#8220;&#8220; translate_x=&#8220;0&#8243; dima_z_index=&#8220;0&#8243; sd=&#8220;12&#8243; delay=&#8220;&#8220; delay_duration=&#8220;&#8220; delay_offset=&#8220;&#8220; width=&#8220;1\/2&#8243; id=&#8220;&#8220; class=&#8220;&#8220; style=&#8220;&#8220; border_color=&#8220;#e1e1e1&#8243; di_bg_image=&#8220;6388&#8243;][\/vc_column][vc_column bg_type=&#8220;&#8220; dima_canvas_style=&#8220;&#8220; min_height=&#8220;&#8220; translate_x=&#8220;0&#8243; dima_z_index=&#8220;0&#8243; sd=&#8220;12&#8243; delay=&#8220;&#8220; delay_duration=&#8220;&#8220; delay_offset=&#8220;&#8220; width=&#8220;1\/2&#8243; css=&#8220;.vc_custom_1552548014540{padding-top: 5% !important;padding-right: 5% !important;padding-bottom: 5% !important;padding-left: 5% !important;}&#8220; id=&#8220;&#8220; [&hellip;]<\/p>\n","protected":false},"author":23,"featured_media":0,"parent":0,"menu_order":0,"comment_status":"closed","ping_status":"closed","template":"","meta":{"footnotes":""},"class_list":["post-7587","page","type-page","status-publish","hentry"],"_links":{"self":[{"href":"https:\/\/www.dr-b.eu\/index.php\/wp-json\/wp\/v2\/pages\/7587","targetHints":{"allow":["GET"]}}],"collection":[{"href":"https:\/\/www.dr-b.eu\/index.php\/wp-json\/wp\/v2\/pages"}],"about":[{"href":"https:\/\/www.dr-b.eu\/index.php\/wp-json\/wp\/v2\/types\/page"}],"author":[{"embeddable":true,"href":"https:\/\/www.dr-b.eu\/index.php\/wp-json\/wp\/v2\/users\/23"}],"replies":[{"embeddable":true,"href":"https:\/\/www.dr-b.eu\/index.php\/wp-json\/wp\/v2\/comments?post=7587"}],"version-history":[{"count":0,"href":"https:\/\/www.dr-b.eu\/index.php\/wp-json\/wp\/v2\/pages\/7587\/revisions"}],"wp:attachment":[{"href":"https:\/\/www.dr-b.eu\/index.php\/wp-json\/wp\/v2\/media?parent=7587"}],"curies":[{"name":"wp","href":"https:\/\/api.w.org\/{rel}","templated":true}]}}