{"id":666,"date":"2017-04-06T22:34:24","date_gmt":"2017-04-06T22:34:24","guid":{"rendered":"https:\/\/noor.pixeldima.com?page_id=666"},"modified":"2025-04-22T16:36:38","modified_gmt":"2025-04-22T14:36:38","slug":"corporate-home-2","status":"publish","type":"page","link":"https:\/\/www.dr-b.eu\/","title":{"rendered":"Startseite"},"content":{"rendered":"<p>[vc_row no_margin=&#8220;true&#8220; section_content=&#8220;outside_container&#8220; no_padding=&#8220;true&#8220; content_position=&#8220;middle&#8220; dark=&#8220;true&#8220; bg_type=&#8220;&#8220; dima_canvas_style=&#8220;&#8220; cover=&#8220;true&#8220; cover_color=&#8220;#191919&#8243; translate_x=&#8220;0&#8243; dima_z_index=&#8220;0&#8243; delay=&#8220;&#8220; animate_item=&#8220;&#8220; delay_duration=&#8220;&#8220; delay_offset=&#8220;&#8220; id=&#8220;&#8220; class=&#8220;&#8220; border_color=&#8220;&#8220; css=&#8220;.vc_custom_1553092317886{padding-top: 3% !important;padding-bottom: 3% !important;}&#8220;][vc_column min_height=&#8220;&#8220; bg_type=&#8220;&#8220; dima_canvas_style=&#8220;&#8220; translate_x=&#8220;0&#8243; dima_z_index=&#8220;0&#8243; sd=&#8220;12&#8243; animation=&#8220;transition.slideUpIn&#8220; delay=&#8220;&#8220; animate_item=&#8220;&#8220; delay_duration=&#8220;&#8220; delay_offset=&#8220;&#8220; width=&#8220;1\/3&#8243; id=&#8220;&#8220; class=&#8220;&#8220; style=&#8220;&#8220; border_color=&#8220;&#8220; css=&#8220;.vc_custom_1553092324968{padding-right: 1% !important;padding-left: 1% !important;}&#8220;]<a  id=\"drbbtn_02\" href=\"\/index.php\/uxdesign\"  class=\"dima-button dima-waves fill dima-btn-huge float-center button-block dima-btn-no-rounded\"      >UX Design<\/a>[\/vc_column][vc_column min_height=&#8220;&#8220; bg_type=&#8220;&#8220; dima_canvas_style=&#8220;&#8220; translate_x=&#8220;0&#8243; dima_z_index=&#8220;0&#8243; sd=&#8220;12&#8243; animation=&#8220;transition.slideUpIn&#8220; delay=&#8220;&#8220; animate_item=&#8220;&#8220; delay_duration=&#8220;&#8220; delay_offset=&#8220;&#8220; width=&#8220;1\/3&#8243; id=&#8220;&#8220; class=&#8220;&#8220; style=&#8220;&#8220; css=&#8220;.vc_custom_1553092334772{padding-right: 1% !important;padding-left: 1% !important;}&#8220; border_color=&#8220;&#8220;]<a  id=\"drbbtn_01\" href=\"\/index.php\/e-learning\/\"  class=\"dima-button dima-waves fill dima-btn-huge float-center button-block dima-btn-no-rounded\"  style=\"a:hover {background-color: #eb5c1d !important};\"    >E-Learning<\/a>[\/vc_column][vc_column min_height=&#8220;&#8220; bg_type=&#8220;&#8220; dima_canvas_style=&#8220;&#8220; translate_x=&#8220;0&#8243; dima_z_index=&#8220;0&#8243; sd=&#8220;12&#8243; animation=&#8220;transition.slideUpIn&#8220; delay=&#8220;&#8220; animate_item=&#8220;&#8220; delay_duration=&#8220;&#8220; delay_offset=&#8220;&#8220; width=&#8220;1\/3&#8243; id=&#8220;&#8220; class=&#8220;&#8220; style=&#8220;&#8220; css=&#8220;.vc_custom_1553092342607{padding-right: 1% !important;padding-left: 1% !important;}&#8220; border_color=&#8220;&#8220;]<a  id=\"drbbtn_03\" href=\"\/index.php\/digitalisierung\/\"  class=\"dima-button dima-waves fill dima-btn-huge float-center button-block dima-btn-no-rounded\"      >Digitalisierung<\/a>[\/vc_column][\/vc_row][vc_row no_margin=&#8220;true&#8220; section_content=&#8220;outside_container&#8220; equal_height=&#8220;true&#8220; bg_type=&#8220;&#8220; dima_canvas_style=&#8220;&#8220; translate_x=&#8220;0&#8243; dima_z_index=&#8220;0&#8243; delay=&#8220;&#8220; animate_item=&#8220;&#8220; delay_duration=&#8220;&#8220; delay_offset=&#8220;&#8220; border_color=&#8220;&#8220; id=&#8220;&#8220; class=&#8220;&#8220; css=&#8220;.vc_custom_1515792777539{padding-top: 0px !important;padding-bottom: 0px !important;}&#8220;][vc_column min_height=&#8220;&#8220; bg_type=&#8220;&#8220; dima_canvas_style=&#8220;&#8220; cover=&#8220;true&#8220; cover_color=&#8220;#ffffff&#8220; translate_x=&#8220;0&#8243; dima_z_index=&#8220;0&#8243; sd=&#8220;12&#8243; delay=&#8220;&#8220; animate_item=&#8220;&#8220; delay_duration=&#8220;&#8220; delay_offset=&#8220;&#8220; width=&#8220;1\/2&#8243; id=&#8220;&#8220; class=&#8220;&#8220; style=&#8220;&#8220; border_color=&#8220;#e1e1e1&#8243; css=&#8220;.vc_custom_1566804440118{padding-top: 5% !important;padding-right: 5% !important;padding-bottom: 5% !important;padding-left: 5% !important;}&#8220;][vc_custom_heading text=&#8220;LERNEN NEU ERLEBEN&#8220; font_container=&#8220;tag:h3|font_size:60|text_align:left|color:%23eb5c1d|line_height:1&#8243; google_fonts=&#8220;font_family:Marvel%3Aregular%2Citalic%2C700%2C700italic|font_style:400%20regular%3A400%3Anormal&#8220; css_animation=&#8220;fadeIn&#8220; el_class=&#8220;h3a&#8220;]<div  class=\"noor-line dima-divider  noor-center\" data-animate=transition.fadeIn ><\/div>\n\t<div class=\"wpb_content_element \" data-animate=transition.slideRightBigIn data-delay=300 data-duration=500>\n\t\t<div class=\"wpb_wrapper\">\n\t\t\t<ol>\n<li>In der <strong>Schulung &amp; Weiterbildung<\/strong> stellen wir innovative Trainings, Workshops und E-Learning-Angebote bereit.<\/li>\n<li>In der <strong>Mitarbeiterentwicklung<\/strong> f\u00f6rdern wir Kompetenzen und individuelle Karrierepfade.<\/li>\n<li>In der <strong>F\u00fchrungskr\u00e4fteentwicklung<\/strong> entwickeln wir Programme zur Entwicklung von Leadership-Skills.<\/li>\n<li>Im <strong>Onboarding<\/strong> f\u00fchren wir Mitarbeiter ein, um einen schnellen und effektiven Einstieg zu erm\u00f6glichen.<\/li>\n<li>Im <strong>Talentmanagement<\/strong> f\u00f6rdern wir die von Ihnen identifizierten High Potentials.<\/li>\n<li>Im <strong>Wissensmanagement<\/strong> stellen wir on demand einen systematischen Wissenstransfer sicher.<\/li>\n<\/ol>\n\n\t\t<\/div> \n\t<\/div> <a   href=\"\/index.php\/e-learning\/\"  class=\"dima-button dima-waves fill dima-btn-huge float-center button-block dima-btn-no-rounded\"      >MEHR ERFAHREN<\/a>[\/vc_column][vc_column min_height=&#8220;&#8220; bg_type=&#8220;bg_image&#8220; dima_canvas_style=&#8220;&#8220; translate_x=&#8220;0&#8243; dima_z_index=&#8220;0&#8243; sd=&#8220;12&#8243; visibility_sd=&#8220;hidden&#8220; border_style=&#8220;solid&#8220; delay=&#8220;&#8220; animate_item=&#8220;&#8220; delay_duration=&#8220;&#8220; delay_offset=&#8220;&#8220; width=&#8220;1\/2&#8243; id=&#8220;&#8220; class=&#8220;&#8220; style=&#8220;&#8220; border_color=&#8220;#eeeeee&#8220; di_bg_image=&#8220;6833&#8243; css=&#8220;.vc_custom_1566804839847{padding-top: 5% !important;padding-right: 5% !important;padding-bottom: 5% !important;padding-left: 5% !important;}&#8220;][\/vc_column][\/vc_row][vc_row no_margin=&#8220;true&#8220; section_content=&#8220;outside_container&#8220; no_padding=&#8220;true&#8220; bg_type=&#8220;&#8220; dima_canvas_style=&#8220;&#8220; translate_x=&#8220;0&#8243; dima_z_index=&#8220;0&#8243; delay=&#8220;&#8220; animate_item=&#8220;&#8220; delay_duration=&#8220;&#8220; delay_offset=&#8220;&#8220; id=&#8220;&#8220; class=&#8220;&#8220; border_color=&#8220;&#8220;][vc_column min_height=&#8220;&#8220; bg_type=&#8220;&#8220; dima_canvas_style=&#8220;&#8220; translate_x=&#8220;0&#8243; dima_z_index=&#8220;0&#8243; visibility_xld=&#8220;hidden&#8220; visibility_ld=&#8220;hidden&#8220; visibility_md=&#8220;hidden&#8220; visibility_sd=&#8220;visible&#8220; visibility_xsd=&#8220;visible&#8220; delay=&#8220;&#8220; animate_item=&#8220;&#8220; delay_duration=&#8220;&#8220; delay_offset=&#8220;&#8220; width=&#8220;1\/1&#8243; id=&#8220;&#8220; class=&#8220;&#8220; style=&#8220;&#8220; border_color=&#8220;&#8220;][vc_single_image image=&#8220;7839&#8243; img_size=&#8220;full&#8220; alignment=&#8220;center&#8220;][\/vc_column][\/vc_row][vc_row no_margin=&#8220;true&#8220; section_content=&#8220;outside_container&#8220; equal_height=&#8220;true&#8220; bg_type=&#8220;&#8220; dima_canvas_style=&#8220;&#8220; translate_x=&#8220;0&#8243; dima_z_index=&#8220;0&#8243; delay=&#8220;&#8220; animate_item=&#8220;&#8220; delay_duration=&#8220;&#8220; delay_offset=&#8220;&#8220; border_color=&#8220;&#8220; id=&#8220;&#8220; class=&#8220;&#8220; css=&#8220;.vc_custom_1515792777539{padding-top: 0px !important;padding-bottom: 0px !important;}&#8220;][vc_column min_height=&#8220;&#8220; bg_type=&#8220;bg_image&#8220; dima_canvas_style=&#8220;&#8220; translate_x=&#8220;0&#8243; dima_z_index=&#8220;0&#8243; sd=&#8220;12&#8243; delay=&#8220;&#8220; animate_item=&#8220;&#8220; delay_duration=&#8220;&#8220; delay_offset=&#8220;&#8220; width=&#8220;1\/2&#8243; id=&#8220;&#8220; class=&#8220;&#8220; style=&#8220;&#8220; border_color=&#8220;#e1e1e1&#8243; di_bg_image=&#8220;7839&#8243;][\/vc_column][vc_column min_height=&#8220;&#8220; bg_type=&#8220;&#8220; dima_canvas_style=&#8220;&#8220; cover=&#8220;true&#8220; cover_color=&#8220;#ffffff&#8220; translate_x=&#8220;0&#8243; dima_z_index=&#8220;0&#8243; sd=&#8220;12&#8243; border_style=&#8220;solid&#8220; delay=&#8220;&#8220; animate_item=&#8220;&#8220; delay_duration=&#8220;&#8220; delay_offset=&#8220;&#8220; width=&#8220;1\/2&#8243; css=&#8220;.vc_custom_1553239568184{border-bottom-width: 1px !important;border-left-width: 1px !important;padding-top: 5% !important;padding-right: 5% !important;padding-bottom: 5% !important;padding-left: 5% !important;}&#8220; id=&#8220;&#8220; class=&#8220;&#8220; style=&#8220;&#8220; border_color=&#8220;#eeeeee&#8220;]<ul  class=\"dima-accordion acc-with-border\" data-animate=transition.slideUpIn data-delay=\"70\" data-offset=\"98%\" data-dima-animate-item=\".dima-accordion-group\" ><li  class=\"panel dima-accordion-group\" ><div class=\"dima-accordion-header\"><a class=\"dima-accordion-toggle\" data-toggle=\"collapse\"  href=\"#collapse-1\"><span class=\"dima-accordion-title\">DR-B Training Solutions<\/span><span class='icon_one' ><i class=\"fa fa-lightbulb-o\"><\/i><\/span><\/a><\/div><div id=\"collapse-1\" class=\"dima-accordion-content collapse in\"><div class=\"dima-accordion-inner\"><h4>DR-B Training Solutions<\/h4>\n<p>Wir erarbeiten innovative Trainingsl\u00f6sungen. Das macht uns zu einem starken Partner. Ob vernetzte Unterrichtsl\u00f6sungen, Bildungsl\u00f6sungen zur beruflichen und betrieblichen Qualifizierung, Trainingsl\u00f6sungen f\u00fcr Ihre Kunden und Partner \u2013 stets haben wir das Gesp\u00fcr f\u00fcr das Wesentliche und setzen es kosteng\u00fcnstig, in-time und qualitativ hochwertig um.<\/p>\n<p>Daf\u00fcr steht Dirk Rutz mit seinem Team und seinem Namen:<br \/>\nDirk Rutz Bildungsl\u00f6sungen (DR-B) sichern Ihren Bildungserfolg!<\/p>\n<\/div><\/div><\/li><li  class=\"panel dima-accordion-group\" ><div class=\"dima-accordion-header\"><a class=\"dima-accordion-toggle collapsed\" data-toggle=\"collapse\"  href=\"#collapse-2\"><span class=\"dima-accordion-title\">DR-B Training Media<\/span><span class='icon_one' ><i class=\"fa fa-tasks\"><\/i><\/span><\/a><\/div><div id=\"collapse-2\" class=\"dima-accordion-content collapse\"><div class=\"dima-accordion-inner\"><div class=\"ce_text block\">\n<h4>DR-B Training Media<\/h4>\n<\/div>\n<p>DR-B konzipiert und erstellt seit vielen Jahren eLearning Anwendungen wie Computer und Web Based Trainings (CBTs\/ WBTs) zu einer breiten Vielfalt an Themen und in gro\u00dfer Anzahl. Unter anderem erstellt DR-B eLearning Anwendungen zu technischen Inhalten (Schwerpunkt Luftfahrzeug-, Kraftfahrzeugtechnik, Maintenance- und Verfahrenstrainings), als auch zu nicht-technischen Themen wie F\u00fchrungskr\u00e4fte- und Personalentwicklung, Finance &amp; Controlling, Verhaltenstrainings und Software Anwenderschulungen.<\/p>\n<p>Und weiterhin nat\u00fcrlich alle anderen Formen der crossmedialen Wissens- und Informationsvermittlung \u00fcber klassische Printmedien, elektronische Training Manuals, Audio-, Video- und Webcasts, Film, 3D Animation und Simulation bis hin zu komplexen Knowledge Management Systemen und Content Libraries.<\/p>\n<p>Tools und Technologien, die wir dabei einsetzen, sind z.B. Adobe Air, Flash, Macromedia Director, Authorware, Toolbook,<br \/>\nTT Knowledge Force, Java, Sumatra Developer, Articulate Rapid eLearning Studio und Storyline, Camtasia, HTML 5 und Javascript.<\/p>\n<\/div><\/div><\/li><li  class=\"panel dima-accordion-group\" ><div class=\"dima-accordion-header\"><a class=\"dima-accordion-toggle collapsed\" data-toggle=\"collapse\"  href=\"#collapse-3\"><span class=\"dima-accordion-title\">DR-B Training Services<\/span><span class='icon_one' ><i class=\"fa fa-thumbs-up\"><\/i><\/span><\/a><\/div><div id=\"collapse-3\" class=\"dima-accordion-content collapse\"><div class=\"dima-accordion-inner\"><div class=\"ce_text block\">\n<h4>DR-B Training Services<\/h4>\n<\/div>\n<p>DR-B entwickelt und betreibt Learning-Management-Systeml\u00f6sungen (Open-Source Systeme und Eigenentwicklungen), Foren, Libraries und Lernportale (z.B. f\u00fcr die Eurocopter Training Academy, Bosch Car Multimedia, steep, ..).<\/p>\n<p>eLearning Anwendungen in der Erstellungsphase stellen wir \u00fcber unser<br \/>\nDR-B Kundenportal bereit, um Review- und Abnahmeprozesse durchzuf\u00fchren.<\/p>\n<\/div><\/div><\/li><\/ul>[\/vc_column][\/vc_row]<\/p>\n","protected":false},"excerpt":{"rendered":"<p>[vc_row no_margin=&#8220;true&#8220; section_content=&#8220;outside_container&#8220; no_padding=&#8220;true&#8220; content_position=&#8220;middle&#8220; dark=&#8220;true&#8220; bg_type=&#8220;&#8220; dima_canvas_style=&#8220;&#8220; cover=&#8220;true&#8220; cover_color=&#8220;#191919&#8243; translate_x=&#8220;0&#8243; dima_z_index=&#8220;0&#8243; delay=&#8220;&#8220; animate_item=&#8220;&#8220; delay_duration=&#8220;&#8220; delay_offset=&#8220;&#8220; id=&#8220;&#8220; class=&#8220;&#8220; border_color=&#8220;&#8220; css=&#8220;.vc_custom_1553092317886{padding-top: 3% !important;padding-bottom: 3% !important;}&#8220;][vc_column min_height=&#8220;&#8220; bg_type=&#8220;&#8220; dima_canvas_style=&#8220;&#8220; translate_x=&#8220;0&#8243; dima_z_index=&#8220;0&#8243; sd=&#8220;12&#8243; animation=&#8220;transition.slideUpIn&#8220; delay=&#8220;&#8220; animate_item=&#8220;&#8220; delay_duration=&#8220;&#8220; delay_offset=&#8220;&#8220; width=&#8220;1\/3&#8243; id=&#8220;&#8220; class=&#8220;&#8220; style=&#8220;&#8220; border_color=&#8220;&#8220; css=&#8220;.vc_custom_1553092324968{padding-right: 1% !important;padding-left: 1% !important;}&#8220;][\/vc_column][vc_column min_height=&#8220;&#8220; bg_type=&#8220;&#8220; dima_canvas_style=&#8220;&#8220; translate_x=&#8220;0&#8243; dima_z_index=&#8220;0&#8243; sd=&#8220;12&#8243; animation=&#8220;transition.slideUpIn&#8220; delay=&#8220;&#8220; animate_item=&#8220;&#8220; delay_duration=&#8220;&#8220; [&hellip;]<\/p>\n","protected":false},"author":23,"featured_media":0,"parent":0,"menu_order":0,"comment_status":"closed","ping_status":"closed","template":"","meta":{"footnotes":""},"class_list":["post-666","page","type-page","status-publish","hentry"],"_links":{"self":[{"href":"https:\/\/www.dr-b.eu\/index.php\/wp-json\/wp\/v2\/pages\/666","targetHints":{"allow":["GET"]}}],"collection":[{"href":"https:\/\/www.dr-b.eu\/index.php\/wp-json\/wp\/v2\/pages"}],"about":[{"href":"https:\/\/www.dr-b.eu\/index.php\/wp-json\/wp\/v2\/types\/page"}],"author":[{"embeddable":true,"href":"https:\/\/www.dr-b.eu\/index.php\/wp-json\/wp\/v2\/users\/23"}],"replies":[{"embeddable":true,"href":"https:\/\/www.dr-b.eu\/index.php\/wp-json\/wp\/v2\/comments?post=666"}],"version-history":[{"count":2,"href":"https:\/\/www.dr-b.eu\/index.php\/wp-json\/wp\/v2\/pages\/666\/revisions"}],"predecessor-version":[{"id":23362,"href":"https:\/\/www.dr-b.eu\/index.php\/wp-json\/wp\/v2\/pages\/666\/revisions\/23362"}],"wp:attachment":[{"href":"https:\/\/www.dr-b.eu\/index.php\/wp-json\/wp\/v2\/media?parent=666"}],"curies":[{"name":"wp","href":"https:\/\/api.w.org\/{rel}","templated":true}]}}